{"id":359,"date":"2017-01-25T05:51:36","date_gmt":"2017-01-25T05:51:36","guid":{"rendered":"https:\/\/motors.stylemixthemes.com\/?page_id=359"},"modified":"2025-11-18T17:46:56","modified_gmt":"2025-11-18T17:46:56","slug":"terms","status":"publish","type":"page","link":"https:\/\/rentalxios.com\/fr\/terms\/","title":{"rendered":"Conditions"},"content":{"rendered":"<div data-elementor-type=\"wp-page\" data-elementor-id=\"359\" class=\"elementor elementor-359\" data-elementor-post-type=\"page\">\n\t\t\t\t\t\t<section class=\"elementor-section elementor-top-section elementor-element elementor-element-0e553ed elementor-section-boxed elementor-section-height-default elementor-section-height-default\" data-id=\"0e553ed\" data-element_type=\"section\" data-e-type=\"section\">\n\t\t\t\t\t\t<div class=\"elementor-container elementor-column-gap-default\">\n\t\t\t\t\t<div class=\"elementor-column elementor-col-100 elementor-top-column elementor-element elementor-element-3116539\" data-id=\"3116539\" data-element_type=\"column\" data-e-type=\"column\">\n\t\t\t<div class=\"elementor-widget-wrap elementor-element-populated\">\n\t\t\t\t\t\t<div class=\"elementor-element elementor-element-744ad31 elementor-widget elementor-widget-text-editor\" data-id=\"744ad31\" data-element_type=\"widget\" data-e-type=\"widget\" data-widget_type=\"text-editor.default\">\n\t\t\t\t\t\t\t\t\t<h2 data-start=\"197\" data-end=\"226\"><strong data-start=\"200\" data-end=\"226\">Informations sur l\u2019entreprise<\/strong><\/h2><p data-start=\"227\" data-end=\"439\">Xios Luxury Car reconna\u00eet l\u2019importance de prot\u00e9ger les donn\u00e9es personnelles collect\u00e9es sur ce site. Nous traitons toutes les informations de nos clients avec soin, en garantissant leur s\u00e9curit\u00e9 et en les utilisant uniquement \u00e0 des fins commerciales l\u00e9gitimes.<\/p><hr data-start=\"441\" data-end=\"444\" \/><h2 data-start=\"446\" data-end=\"474\"><strong data-start=\"449\" data-end=\"474\">Politique de r\u00e9servation<\/strong><\/h2><h3 data-start=\"476\" data-end=\"512\"><strong data-start=\"480\" data-end=\"512\">Confirmation de r\u00e9servation<\/strong><\/h3><p data-start=\"513\" data-end=\"808\">Once you complete a booking on our website and your reservation is confirmed, Xios Luxury Car will send your voucher (CONFIRMED RESERVATION) within 24 hours.<br data-start=\"670\" data-end=\"673\" \/>Votre adresse e-mail est utilis\u00e9e exclusivement pour l\u2019envoi du bon de r\u00e9servation. Votre num\u00e9ro de t\u00e9l\u00e9phone n\u2019est utilis\u00e9 que si nous avons besoin de pr\u00e9cisions concernant votre r\u00e9servation.<\/p><h3 data-start=\"810\" data-end=\"849\"><strong data-start=\"814\" data-end=\"849\">Modification de la r\u00e9servation**<\/strong><\/h3><p data-start=\"850\" data-end=\"1029\">Si vous devez modifier votre r\u00e9servation, contactez-nous par e-mail en indiquant clairement les d\u00e9tails du changement demand\u00e9.<br data-start=\"953\" data-end=\"956\" \/>Xios Luxury Car cannot guarantee that all modifications can be processed.<\/p><h3 data-start=\"1031\" data-end=\"1063\"><strong data-start=\"1035\" data-end=\"1063\">Utilisation du syst\u00e8me de r\u00e9servation<\/strong><\/h3><p data-start=\"1064\" data-end=\"1104\">En utilisant ce syst\u00e8me de r\u00e9servation, vous acceptez :<\/p><ul data-start=\"1106\" data-end=\"1305\"><li data-start=\"1106\" data-end=\"1157\"><p data-start=\"1108\" data-end=\"1157\">De ne pas cr\u00e9er de r\u00e9servations sp\u00e9culatives ou fausses<\/p><\/li><li data-start=\"1158\" data-end=\"1212\"><p data-start=\"1160\" data-end=\"1212\">De ne pas utiliser le syst\u00e8me pour rechercher les tarifs des prestataires<\/p><\/li><li data-start=\"1213\" data-end=\"1305\"><p data-start=\"1215\" data-end=\"1305\">De ne pas utiliser le nom \u00ab Xios Luxury Car \u00bb \u00e0 des fins commerciales sans autorisation \u00e9crite<\/p><\/li><\/ul><hr data-start=\"1307\" data-end=\"1310\" \/><h2 data-start=\"1312\" data-end=\"1341\"><strong data-start=\"1315\" data-end=\"1341\">Politique d\u2019annulation<\/strong><\/h2><p data-start=\"1342\" data-end=\"1559\" class=\"translation-block\">Toutes les r\u00e9servations doivent \u00eatre annul\u00e9es <strong data-start=\"1376\" data-end=\"1397\">au moins 48 heures<\/strong> avant l\u2019heure d\u2019arriv\u00e9e.<br data-start=\"1422\" data-end=\"1425\">Si la r\u00e9servation est effectu\u00e9e moins de 48 heures avant la date de prise en charge, tout pr\u00e9paiement est <strong data-start=\"1516\" data-end=\"1534\">non remboursable<\/strong> en cas d\u2019annulation.<\/p><hr data-start=\"1561\" data-end=\"1564\" \/><h2 data-start=\"1566\" data-end=\"1597\"><strong data-start=\"1569\" data-end=\"1597\">Exigences du client<\/strong><\/h2><h3 data-start=\"1599\" data-end=\"1626\"><strong data-start=\"1603\" data-end=\"1626\">R\u00e8gles des passagers<\/strong><\/h3><p data-start=\"1627\" data-end=\"1853\" class=\"translation-block\">Tous les enfants, quel que soit leur \u00e2ge, comptent comme passagers et doivent avoir leur propre si\u00e8ge.<br data-start=\"1709\" data-end=\"1712\">Le nombre de passagers ne doit pas d\u00e9passer la capacit\u00e9 d\u2019accueil du v\u00e9hicule. Le conducteur a le droit de refuser le service si cette r\u00e8gle n\u2019est pas respect\u00e9e.<\/p><h3 data-start=\"1855\" data-end=\"1887\"><strong data-start=\"1859\" data-end=\"1887\">Disponibilit\u00e9 du contact<\/strong><\/h3><p data-start=\"1888\" data-end=\"1970\">Les clients doivent saisir un num\u00e9ro de mobile correct et rester joignables \u00e0 l\u2019heure d\u2019arriv\u00e9e.<\/p><h3 data-start=\"1972\" data-end=\"2002\"><strong data-start=\"1976\" data-end=\"2002\">Comportement dans le v\u00e9hicule<\/strong><\/h3><p data-start=\"2003\" data-end=\"2123\" class=\"translation-block\">Fumer et boire sont strictement interdits.<br data-start=\"2048\" data-end=\"2051\">En cas de violation, le conducteur peut arr\u00eater le trajet et demander au client de descendre.<\/p><hr data-start=\"2125\" data-end=\"2128\" \/><h2 data-start=\"2130\" data-end=\"2158\"><strong data-start=\"2133\" data-end=\"2158\">Prise en charge &amp; D\u00e9p\u00f4t<\/strong><\/h2><h3 data-start=\"2160\" data-end=\"2199\"><strong data-start=\"2164\" data-end=\"2199\">Exigences pour la prise en charge \u00e0 l\u2019a\u00e9roport<\/strong><\/h3><p data-start=\"2200\" data-end=\"2395\" class=\"translation-block\">Pour les prises en charge \u00e0 l\u2019a\u00e9roport, les clients doivent fournir le num\u00e9ro de vol correct et l\u2019heure d\u2019arriv\u00e9e.<br data-start=\"2287\" data-end=\"2290\">Si ces informations ne sont pas disponibles au moment de la r\u00e9servation, elles doivent \u00eatre envoy\u00e9es au moins <strong data-start=\"2367\" data-end=\"2377\">2 jours<\/strong> avant le d\u00e9part.<\/p><h3 data-start=\"2397\" data-end=\"2421\"><strong data-start=\"2401\" data-end=\"2421\">Accueil personnalis\u00e9 (Meet &amp; Greet)<\/strong><\/h3><p data-start=\"2422\" data-end=\"2515\">Le chauffeur attendra au lieu de prise en charge avec une pancarte affichant le nom de famille du client.<\/p><hr data-start=\"2517\" data-end=\"2520\" \/><h2 data-start=\"2522\" data-end=\"2549\"><strong data-start=\"2525\" data-end=\"2549\">D\u00e9claration de confidentialit\u00e9<\/strong><\/h2><p data-start=\"2550\" data-end=\"2809\" class=\"translation-block\">Nous ne collectons que les informations essentielles n\u00e9cessaires au traitement des r\u00e9servations.<br data-start=\"2625\" data-end=\"2628\">Les clients peuvent choisir si leurs donn\u00e9es peuvent \u00eatre utilis\u00e9es \u00e0 des fins marketing.<br data-start=\"2703\" data-end=\"2706\">Toutes les informations personnelles ne sont accessibles qu\u2019aux membres du personnel autoris\u00e9s et soumis aux r\u00e8gles de confidentialit\u00e9.<\/p><hr data-start=\"2811\" data-end=\"2814\" \/><h2 data-start=\"2816\" data-end=\"2836\"><strong data-start=\"2819\" data-end=\"2836\">R\u00e9clamations<\/strong><\/h2><p data-start=\"2837\" data-end=\"2981\" class=\"translation-block\">Les r\u00e9clamations doivent \u00eatre soumises <strong data-start=\"2866\" data-end=\"2894\">par \u00e9crit dans les 7 jours<\/strong> suivant la date de d\u00e9p\u00f4t.<br data-start=\"2919\" data-end=\"2922\">Les r\u00e9clamations soumises apr\u00e8s ce d\u00e9lai ne peuvent pas \u00eatre trait\u00e9es.<\/p><hr data-start=\"2983\" data-end=\"2986\" \/><h2 data-start=\"2988\" data-end=\"3012\"><strong data-start=\"2991\" data-end=\"3012\">Le prix comprend<\/strong><\/h2><ul data-start=\"3013\" data-end=\"3070\"><li data-start=\"3013\" data-end=\"3033\"><p data-start=\"3015\" data-end=\"3033\">Service client<\/p><\/li><li data-start=\"3034\" data-end=\"3055\"><p data-start=\"3036\" data-end=\"3055\">Conducteur suppl\u00e9mentaire<\/p><\/li><li data-start=\"3056\" data-end=\"3070\"><p data-start=\"3058\" data-end=\"3070\">Si\u00e8ge enfant<\/p><\/li><\/ul><hr data-start=\"3072\" data-end=\"3075\" \/><h2 data-start=\"3077\" data-end=\"3104\"><strong data-start=\"3080\" data-end=\"3104\">\u00c2ge l\u00e9gal de conduite<\/strong><\/h2><p data-start=\"3105\" data-end=\"3176\" class=\"translation-block\">L\u2019\u00e2ge minimum pour louer une voiture aupr\u00e8s de Xios Luxury Car est de <strong data-start=\"3159\" data-end=\"3175\">21 ans<\/strong>.<\/p><hr data-start=\"3178\" data-end=\"3181\" \/><h2 data-start=\"3183\" data-end=\"3212\"><strong data-start=\"3186\" data-end=\"3212\">Documents requis<\/strong><\/h2><ul data-start=\"3213\" data-end=\"3251\"><li data-start=\"3213\" data-end=\"3238\"><p data-start=\"3215\" data-end=\"3238\">Permis de conduire valide<\/p><\/li><li data-start=\"3239\" data-end=\"3251\"><p data-start=\"3241\" data-end=\"3251\">Passport<\/p><\/li><\/ul><hr data-start=\"3253\" data-end=\"3256\" \/><h2 data-start=\"3258\" data-end=\"3304\"><strong data-start=\"3261\" data-end=\"3304\">Proc\u00e9dures en cas d\u2019accident, de dommages ou de vol<\/strong><\/h2><p data-start=\"3305\" data-end=\"3587\">En cas d\u2019accident, de dommages ou de vol, le client doit contacter imm\u00e9diatement Xios Luxury Car ainsi que la Police et suivre leurs instructions.<br data-start=\"3452\" data-end=\"3455\">Le client doit rester sur les lieux jusqu\u2019\u00e0 l\u2019arriv\u00e9e des autorit\u00e9s, sauf si un d\u00e9part temporaire est n\u00e9cessaire pour des raisons de s\u00e9curit\u00e9 ou d\u2019assistance.<br data-start=\"3452\" data-end=\"3455\" \/>The customer must remain at the scene until the authorities arrive unless temporarily leaving is necessary for safety or assistance.<\/p><hr data-start=\"3589\" data-end=\"3592\" \/><h2 data-start=\"3594\" data-end=\"3620\"><strong data-start=\"3597\" data-end=\"3620\">Passage de fronti\u00e8re<\/strong><\/h2><p data-start=\"3621\" data-end=\"3674\" class=\"translation-block\">Voyager <strong data-start=\"3631\" data-end=\"3673\">en dehors du Maroc est strictement interdit<\/strong>.<\/p><hr data-start=\"3676\" data-end=\"3679\" \/><h2 data-start=\"3681\" data-end=\"3699\"><strong data-start=\"3684\" data-end=\"3699\">D\u00e9p\u00f4t<\/strong><\/h2><p data-start=\"3700\" data-end=\"3723\">Pas de d\u00e9p\u00f4t<\/p><hr data-start=\"3725\" data-end=\"3728\" \/><h2 data-start=\"3730\" data-end=\"3759\"><strong data-start=\"3733\" data-end=\"3759\">Politique de propret\u00e9<\/strong><\/h2><p data-start=\"3760\" data-end=\"3838\">Si l\u2019int\u00e9rieur est rendu excessivement sale, des frais de nettoyage seront appliqu\u00e9s.<\/p><hr data-start=\"3840\" data-end=\"3843\" \/><h2 data-start=\"3845\" data-end=\"3874\"><strong data-start=\"3848\" data-end=\"3874\">Amendes &amp; objets perdus<\/strong><\/h2><ul data-start=\"3875\" data-end=\"4004\"><li data-start=\"3875\" data-end=\"3939\"><p data-start=\"3877\" data-end=\"3939\">Les amendes de circulation et de stationnement sont \u00e0 la charge du client.<\/p><\/li><li data-start=\"3940\" data-end=\"4004\"><p data-start=\"3942\" data-end=\"4004\" class=\"translation-block\">La perte des cl\u00e9s ou des documents du v\u00e9hicule entra\u00eene des frais de <strong data-start=\"3985\" data-end=\"3996\">500 EUR<\/strong>.<\/p><\/li><\/ul>\t\t\t\t\t\t\t\t<\/div>\n\t\t\t\t\t<\/div>\n\t\t<\/div>\n\t\t\t\t\t<\/div>\n\t\t<\/section>\n\t\t\t\t<\/div>","protected":false},"excerpt":{"rendered":"<p>1. Company Information Xios Luxury Car recognizes the importance of protecting personal data collected on this website. We handle all customer information with care, ensuring security and using it only for legitimate business purposes. 2. Reservation Policy 2.1 Reservation Confirmation Once you complete a booking on our website and your reservation is confirmed, Xios Luxury&#8230;<\/p>","protected":false},"author":1,"featured_media":0,"parent":0,"menu_order":0,"comment_status":"closed","ping_status":"closed","template":"","meta":{"_joinchat":[],"footnotes":""},"class_list":["post-359","page","type-page","status-publish","hentry"],"_hostinger_reach_plugin_has_subscription_block":false,"_hostinger_reach_plugin_is_elementor":false,"_links":{"self":[{"href":"https:\/\/rentalxios.com\/fr\/wp-json\/wp\/v2\/pages\/359","targetHints":{"allow":["GET"]}}],"collection":[{"href":"https:\/\/rentalxios.com\/fr\/wp-json\/wp\/v2\/pages"}],"about":[{"href":"https:\/\/rentalxios.com\/fr\/wp-json\/wp\/v2\/types\/page"}],"author":[{"embeddable":true,"href":"https:\/\/rentalxios.com\/fr\/wp-json\/wp\/v2\/users\/1"}],"replies":[{"embeddable":true,"href":"https:\/\/rentalxios.com\/fr\/wp-json\/wp\/v2\/comments?post=359"}],"version-history":[{"count":3,"href":"https:\/\/rentalxios.com\/fr\/wp-json\/wp\/v2\/pages\/359\/revisions"}],"predecessor-version":[{"id":1069,"href":"https:\/\/rentalxios.com\/fr\/wp-json\/wp\/v2\/pages\/359\/revisions\/1069"}],"wp:attachment":[{"href":"https:\/\/rentalxios.com\/fr\/wp-json\/wp\/v2\/media?parent=359"}],"curies":[{"name":"wp","href":"https:\/\/api.w.org\/{rel}","templated":true}]}}