{"id":405,"date":"2017-01-26T10:40:04","date_gmt":"2017-01-26T10:40:04","guid":{"rendered":"https:\/\/motors.stylemixthemes.com\/?page_id=405"},"modified":"2025-11-18T17:43:31","modified_gmt":"2025-11-18T17:43:31","slug":"about-us","status":"publish","type":"page","link":"https:\/\/rentalxios.com\/fr\/about-us\/","title":{"rendered":"\u00c0 propos de nous"},"content":{"rendered":"<div data-elementor-type=\"wp-page\" data-elementor-id=\"405\" class=\"elementor elementor-405\" data-elementor-post-type=\"page\">\n\t\t\t\t\t\t<section class=\"elementor-section elementor-top-section elementor-element elementor-element-f596a7f elementor-section-boxed elementor-section-height-default elementor-section-height-default\" data-id=\"f596a7f\" data-element_type=\"section\" data-e-type=\"section\">\n\t\t\t\t\t\t<div class=\"elementor-container elementor-column-gap-default\">\n\t\t\t\t\t<div class=\"elementor-column elementor-col-100 elementor-top-column elementor-element elementor-element-d22714d\" data-id=\"d22714d\" data-element_type=\"column\" data-e-type=\"column\">\n\t\t\t<div class=\"elementor-widget-wrap elementor-element-populated\">\n\t\t\t\t\t\t<div class=\"elementor-element elementor-element-a415ae9 elementor-widget elementor-widget-image\" data-id=\"a415ae9\" data-element_type=\"widget\" data-e-type=\"widget\" data-widget_type=\"image.default\">\n\t\t\t\t\t\t\t\t\t\t\t\t\t\t\t<img decoding=\"async\" width=\"300\" height=\"150\" src=\"https:\/\/rentalxios.com\/wp-content\/uploads\/2025\/11\/Untitled-design-2025-11-18T181209.396.png\" class=\"attachment-full size-full wp-image-1051\" alt=\"car rental agadir location de voiture agadir\" srcset=\"https:\/\/rentalxios.com\/wp-content\/uploads\/2025\/11\/Untitled-design-2025-11-18T181209.396.png 300w, https:\/\/rentalxios.com\/wp-content\/uploads\/2025\/11\/Untitled-design-2025-11-18T181209.396-255x128.png 255w, https:\/\/rentalxios.com\/wp-content\/uploads\/2025\/11\/Untitled-design-2025-11-18T181209.396-280x140.png 280w\" sizes=\"(max-width: 300px) 100vw, 300px\" \/>\t\t\t\t\t\t\t\t\t\t\t\t\t\t\t<\/div>\n\t\t\t\t<div class=\"elementor-element elementor-element-3f17609 elementor-widget elementor-widget-text-editor\" data-id=\"3f17609\" data-element_type=\"widget\" data-e-type=\"widget\" data-widget_type=\"text-editor.default\">\n\t\t\t\t\t\t\t\t\t<h1>BIENVENUE CHEZ Xios<\/h1><p data-start=\"191\" data-end=\"371\">Xios Luxury Car est une agence de location de voitures haut de gamme bas\u00e9e \u00e0 Agadir, offrant des services de location premium aux voyageurs, visiteurs d\u2019affaires et r\u00e9sidents recherchant confort, s\u00e9curit\u00e9 et style.<\/p>\t\t\t\t\t\t\t\t<\/div>\n\t\t\t\t<div class=\"elementor-element elementor-element-9c875ea elementor-widget elementor-widget-heading\" data-id=\"9c875ea\" data-element_type=\"widget\" data-e-type=\"widget\" data-widget_type=\"heading.default\">\n\t\t\t\t\t<h2 class=\"elementor-heading-title elementor-size-default\">Qui sommes-nous ?<\/h2>\t\t\t\t<\/div>\n\t\t\t\t<div class=\"elementor-element elementor-element-4053916 elementor-widget elementor-widget-text-editor\" data-id=\"4053916\" data-element_type=\"widget\" data-e-type=\"widget\" data-widget_type=\"text-editor.default\">\n\t\t\t\t\t\t\t\t\t<p data-start=\"392\" data-end=\"622\">Nous sommes sp\u00e9cialis\u00e9s dans les v\u00e9hicules de luxe et de haute qualit\u00e9, garantissant \u00e0 chaque client une exp\u00e9rience de conduite fluide, \u00e9l\u00e9gante et fiable. Notre flotte est soigneusement s\u00e9lectionn\u00e9e pour r\u00e9pondre aux normes les plus \u00e9lev\u00e9es en mati\u00e8re de confort, de performance et de s\u00e9curit\u00e9.<\/p>\t\t\t\t\t\t\t\t<\/div>\n\t\t\t\t<div class=\"elementor-element elementor-element-c8f5ae0 elementor-widget elementor-widget-heading\" data-id=\"c8f5ae0\" data-element_type=\"widget\" data-e-type=\"widget\" data-widget_type=\"heading.default\">\n\t\t\t\t\t<h2 class=\"elementor-heading-title elementor-size-default\">Notre Mission<\/h2>\t\t\t\t<\/div>\n\t\t\t\t<div class=\"elementor-element elementor-element-5cc2f3b elementor-widget elementor-widget-text-editor\" data-id=\"5cc2f3b\" data-element_type=\"widget\" data-e-type=\"widget\" data-widget_type=\"text-editor.default\">\n\t\t\t\t\t\t\t\t\t<p data-start=\"644\" data-end=\"800\">Offrir des services de location de voitures de classe mondiale \u00e0 Agadir et \u00e0 l\u2019a\u00e9roport d\u2019Agadir, avec des tarifs transparents, une couverture d\u2019assurance compl\u00e8te et un service client exceptionnel.<\/p>\t\t\t\t\t\t\t\t<\/div>\n\t\t\t\t<div class=\"elementor-element elementor-element-5b6c8a0 elementor-widget elementor-widget-heading\" data-id=\"5b6c8a0\" data-element_type=\"widget\" data-e-type=\"widget\" data-widget_type=\"heading.default\">\n\t\t\t\t\t<h2 class=\"elementor-heading-title elementor-size-default\">Services<\/h2>\t\t\t\t<\/div>\n\t\t\t\t<div class=\"elementor-element elementor-element-931052f elementor-widget elementor-widget-text-editor\" data-id=\"931052f\" data-element_type=\"widget\" data-e-type=\"widget\" data-widget_type=\"text-editor.default\">\n\t\t\t\t\t\t\t\t\t<ul data-start=\"823\" data-end=\"1025\"><li data-start=\"823\" data-end=\"854\"><p data-start=\"825\" data-end=\"854\">Location de voitures de luxe \u00e0 Agadir<\/p><\/li><li data-start=\"855\" data-end=\"891\"><p data-start=\"857\" data-end=\"891\">Prise en charge &amp; d\u00e9p\u00f4t \u00e0 l\u2019a\u00e9roport d\u2019Agadir<\/p><\/li><li data-start=\"892\" data-end=\"921\"><p data-start=\"894\" data-end=\"921\">Voitures de location enti\u00e8rement assur\u00e9es<\/p><\/li><li data-start=\"922\" data-end=\"940\"><p data-start=\"924\" data-end=\"940\">Aucun frais cach\u00e9<\/p><\/li><li data-start=\"941\" data-end=\"988\"><p data-start=\"943\" data-end=\"988\">Locations flexibles \u00e0 la journ\u00e9e, \u00e0 la semaine et au mois<\/p><\/li><li data-start=\"989\" data-end=\"1025\"><p data-start=\"991\" data-end=\"1025\">Assistance client premium 24h\/24 et 7j\/7<\/p><\/li><\/ul><h3 data-start=\"1027\" data-end=\"1061\">\u00a0<\/h3>\t\t\t\t\t\t\t\t<\/div>\n\t\t\t\t\t<\/div>\n\t\t<\/div>\n\t\t\t\t\t<\/div>\n\t\t<\/section>\n\t\t\t\t<\/div>","protected":false},"excerpt":{"rendered":"<p>WELCOME TO THE Xios Xios Luxury Car is a premium car rental agency based in Agadir, offering top-tier rental services for travelers, business visitors, and locals seeking comfort, security, and style. Who We Are We specialize in luxury and high-quality vehicles, ensuring every client enjoys a smooth, elegant, and reliable driving experience. Our fleet is&#8230;<\/p>","protected":false},"author":1,"featured_media":0,"parent":0,"menu_order":0,"comment_status":"closed","ping_status":"closed","template":"","meta":{"_joinchat":[],"footnotes":""},"class_list":["post-405","page","type-page","status-publish","hentry"],"_hostinger_reach_plugin_has_subscription_block":false,"_hostinger_reach_plugin_is_elementor":false,"_links":{"self":[{"href":"https:\/\/rentalxios.com\/fr\/wp-json\/wp\/v2\/pages\/405","targetHints":{"allow":["GET"]}}],"collection":[{"href":"https:\/\/rentalxios.com\/fr\/wp-json\/wp\/v2\/pages"}],"about":[{"href":"https:\/\/rentalxios.com\/fr\/wp-json\/wp\/v2\/types\/page"}],"author":[{"embeddable":true,"href":"https:\/\/rentalxios.com\/fr\/wp-json\/wp\/v2\/users\/1"}],"replies":[{"embeddable":true,"href":"https:\/\/rentalxios.com\/fr\/wp-json\/wp\/v2\/comments?post=405"}],"version-history":[{"count":3,"href":"https:\/\/rentalxios.com\/fr\/wp-json\/wp\/v2\/pages\/405\/revisions"}],"predecessor-version":[{"id":1066,"href":"https:\/\/rentalxios.com\/fr\/wp-json\/wp\/v2\/pages\/405\/revisions\/1066"}],"wp:attachment":[{"href":"https:\/\/rentalxios.com\/fr\/wp-json\/wp\/v2\/media?parent=405"}],"curies":[{"name":"wp","href":"https:\/\/api.w.org\/{rel}","templated":true}]}}